{"id":1783,"date":"2025-06-16T08:45:00","date_gmt":"2025-06-16T06:45:00","guid":{"rendered":"https:\/\/www.hostnba.com\/?product=increible-golden-state-warriors-hardwood-classic-pride-jersey-black"},"modified":"2025-06-16T08:49:23","modified_gmt":"2025-06-16T06:49:23","slug":"increible-golden-state-warriors-hardwood-classic-pride-jersey-black","status":"publish","type":"product","link":"https:\/\/www.hostnba.com\/?product=increible-golden-state-warriors-hardwood-classic-pride-jersey-black","title":{"rendered":"Incre\u00edble Golden State Warriors Hardwood Classic Pride Jersey Black"},"content":{"rendered":"<p>\u00danico Fant\u00e1stico Golden State Warriors Hardwood Classic Pride Jersey Black  para los amantes del deporte<\/p>\n<p>Encuentra la camiseta ideal para tus juegos. Incre\u00edble Golden State Warriors Hardwood Classic Pride Jersey Black. \u00a1No te la pierdas!<\/p>\n","protected":false},"excerpt":{"rendered":"<p>\u00danico Fant\u00e1stico Golden State Warriors Hardwood Classic Pride Jersey Black para los amantes del deporte Encuentra la camiseta ideal para tus juegos. Incre\u00edble Golden State Warriors Hardwood Classic Pride Jersey Black. \u00a1No te la pierdas!<\/p>\n","protected":false},"featured_media":1790,"comment_status":"open","ping_status":"open","template":"","meta":[],"product_brand":[],"product_cat":[128,137],"product_tag":[78],"class_list":{"0":"post-1783","1":"product","2":"type-product","3":"status-publish","4":"has-post-thumbnail","6":"product_cat-golden-state-warriors","7":"product_cat-jersey-golden-state-warriors","8":"product_tag-jersey","9":"pa_size-2xl","10":"pa_size-3xl","11":"pa_size-l","12":"pa_size-m","13":"pa_size-s","14":"pa_size-xl","16":"first","17":"instock","18":"sale","19":"purchasable","20":"product-type-variable"},"yoast_head":"<!-- This site is optimized with the Yoast SEO Premium plugin v25.3 (Yoast SEO v27.3) - https:\/\/yoast.com\/product\/yoast-seo-premium-wordpress\/ -->\n<title>\u00danico Fant\u00e1stico Golden State Warriors Hardwood Classic Pride Jersey Black para los amantes del deporte<\/title>\n<meta name=\"description\" content=\"Encuentra la camiseta ideal para tus juegos. Incre\u00edble Golden State Warriors Hardwood Classic Pride Jersey Black. \u00a1No te la pierdas!\" \/>\n<meta name=\"robots\" content=\"index, follow, max-snippet:-1, max-image-preview:large, max-video-preview:-1\" \/>\n<link rel=\"canonical\" href=\"https:\/\/www.hostnba.com\/?product=increible-golden-state-warriors-hardwood-classic-pride-jersey-black\" \/>\n<meta property=\"og:locale\" content=\"es_ES\" \/>\n<meta property=\"og:type\" content=\"article\" \/>\n<meta property=\"og:title\" content=\"\u00danico Fant\u00e1stico Golden State Warriors Hardwood Classic Pride Jersey Black para los amantes del deporte\" \/>\n<meta property=\"og:description\" content=\"Encuentra la camiseta ideal para tus juegos. Incre\u00edble Golden State Warriors Hardwood Classic Pride Jersey Black. \u00a1No te la pierdas!\" \/>\n<meta property=\"og:url\" content=\"https:\/\/www.hostnba.com\/?product=increible-golden-state-warriors-hardwood-classic-pride-jersey-black\" \/>\n<meta property=\"og:site_name\" content=\"camiseta barata de la NBA - Tienda online\" \/>\n<meta property=\"article:modified_time\" content=\"2025-06-16T06:49:23+00:00\" \/>\n<meta property=\"og:image\" content=\"https:\/\/www.hostnba.com\/wp-content\/uploads\/2025\/06\/Increible-Golden-State-Warriors-Hardwood-Classic-Pride-Jersey-Black.jpeg\" \/>\n\t<meta property=\"og:image:width\" content=\"600\" \/>\n\t<meta property=\"og:image:height\" content=\"600\" \/>\n\t<meta property=\"og:image:type\" content=\"image\/webp\" \/>\n<meta name=\"twitter:card\" content=\"summary_large_image\" \/>\n<meta name=\"twitter:title\" content=\"Incre\u00edble Golden State Warriors Hardwood Classic Pride Jersey Black\" \/>\n<meta name=\"twitter:description\" content=\"Encuentra la camiseta ideal para tus juegos. Incre\u00edble Golden State Warriors Hardwood Classic Pride Jersey Black. \u00a1No te la pierdas!\" \/>\n<script type=\"application\/ld+json\" class=\"yoast-schema-graph\">{\"@context\":\"https:\\\/\\\/schema.org\",\"@graph\":[{\"@type\":\"WebPage\",\"@id\":\"https:\\\/\\\/www.hostnba.com\\\/?product=increible-golden-state-warriors-hardwood-classic-pride-jersey-black\",\"url\":\"https:\\\/\\\/www.hostnba.com\\\/?product=increible-golden-state-warriors-hardwood-classic-pride-jersey-black\",\"name\":\"\u00danico Fant\u00e1stico Golden State Warriors Hardwood Classic Pride Jersey Black para los amantes del deporte\",\"isPartOf\":{\"@id\":\"https:\\\/\\\/www.hostnba.com\\\/#website\"},\"primaryImageOfPage\":{\"@id\":\"https:\\\/\\\/www.hostnba.com\\\/?product=increible-golden-state-warriors-hardwood-classic-pride-jersey-black#primaryimage\"},\"image\":{\"@id\":\"https:\\\/\\\/www.hostnba.com\\\/?product=increible-golden-state-warriors-hardwood-classic-pride-jersey-black#primaryimage\"},\"thumbnailUrl\":\"https:\\\/\\\/www.hostnba.com\\\/wp-content\\\/uploads\\\/2025\\\/06\\\/Increible-Golden-State-Warriors-Hardwood-Classic-Pride-Jersey-Black.jpeg\",\"datePublished\":\"2025-06-16T06:45:00+00:00\",\"dateModified\":\"2025-06-16T06:49:23+00:00\",\"description\":\"Encuentra la camiseta ideal para tus juegos. Incre\u00edble Golden State Warriors Hardwood Classic Pride Jersey Black. \u00a1No te la pierdas!\",\"breadcrumb\":{\"@id\":\"https:\\\/\\\/www.hostnba.com\\\/?product=increible-golden-state-warriors-hardwood-classic-pride-jersey-black#breadcrumb\"},\"inLanguage\":\"es\",\"potentialAction\":[{\"@type\":\"ReadAction\",\"target\":[\"https:\\\/\\\/www.hostnba.com\\\/?product=increible-golden-state-warriors-hardwood-classic-pride-jersey-black\"]}]},{\"@type\":\"ImageObject\",\"inLanguage\":\"es\",\"@id\":\"https:\\\/\\\/www.hostnba.com\\\/?product=increible-golden-state-warriors-hardwood-classic-pride-jersey-black#primaryimage\",\"url\":\"https:\\\/\\\/www.hostnba.com\\\/wp-content\\\/uploads\\\/2025\\\/06\\\/Increible-Golden-State-Warriors-Hardwood-Classic-Pride-Jersey-Black.jpeg\",\"contentUrl\":\"https:\\\/\\\/www.hostnba.com\\\/wp-content\\\/uploads\\\/2025\\\/06\\\/Increible-Golden-State-Warriors-Hardwood-Classic-Pride-Jersey-Black.jpeg\",\"width\":600,\"height\":600,\"caption\":\"Incre\u00edble Golden State Warriors Hardwood Classic Pride Jersey Black\"},{\"@type\":\"BreadcrumbList\",\"@id\":\"https:\\\/\\\/www.hostnba.com\\\/?product=increible-golden-state-warriors-hardwood-classic-pride-jersey-black#breadcrumb\",\"itemListElement\":[{\"@type\":\"ListItem\",\"position\":1,\"name\":\"home\",\"item\":\"https:\\\/\\\/www.hostnba.com\\\/\"},{\"@type\":\"ListItem\",\"position\":2,\"name\":\"Shop\",\"item\":\"https:\\\/\\\/www.hostnba.com\\\/?page_id=10\"},{\"@type\":\"ListItem\",\"position\":3,\"name\":\"Incre\u00edble Golden State Warriors Hardwood Classic Pride Jersey Black\"}]},{\"@type\":\"WebSite\",\"@id\":\"https:\\\/\\\/www.hostnba.com\\\/#website\",\"url\":\"https:\\\/\\\/www.hostnba.com\\\/\",\"name\":\"Cheap jersey - Online Shop\",\"description\":\"camiseta barata de la NBA\",\"potentialAction\":[{\"@type\":\"SearchAction\",\"target\":{\"@type\":\"EntryPoint\",\"urlTemplate\":\"https:\\\/\\\/www.hostnba.com\\\/?s={search_term_string}\"},\"query-input\":{\"@type\":\"PropertyValueSpecification\",\"valueRequired\":true,\"valueName\":\"search_term_string\"}}],\"inLanguage\":\"es\"}]}<\/script>\n<!-- \/ Yoast SEO Premium plugin. -->","yoast_head_json":{"title":"\u00danico Fant\u00e1stico Golden State Warriors Hardwood Classic Pride Jersey Black para los amantes del deporte","description":"Encuentra la camiseta ideal para tus juegos. Incre\u00edble Golden State Warriors Hardwood Classic Pride Jersey Black. \u00a1No te la pierdas!","robots":{"index":"index","follow":"follow","max-snippet":"max-snippet:-1","max-image-preview":"max-image-preview:large","max-video-preview":"max-video-preview:-1"},"canonical":"https:\/\/www.hostnba.com\/?product=increible-golden-state-warriors-hardwood-classic-pride-jersey-black","og_locale":"es_ES","og_type":"article","og_title":"\u00danico Fant\u00e1stico Golden State Warriors Hardwood Classic Pride Jersey Black para los amantes del deporte","og_description":"Encuentra la camiseta ideal para tus juegos. Incre\u00edble Golden State Warriors Hardwood Classic Pride Jersey Black. \u00a1No te la pierdas!","og_url":"https:\/\/www.hostnba.com\/?product=increible-golden-state-warriors-hardwood-classic-pride-jersey-black","og_site_name":"camiseta barata de la NBA - Tienda online","article_modified_time":"2025-06-16T06:49:23+00:00","og_image":[{"width":600,"height":600,"url":"https:\/\/www.hostnba.com\/wp-content\/uploads\/2025\/06\/Increible-Golden-State-Warriors-Hardwood-Classic-Pride-Jersey-Black.jpeg","type":"image\/webp"}],"twitter_card":"summary_large_image","twitter_title":"Incre\u00edble Golden State Warriors Hardwood Classic Pride Jersey Black","twitter_description":"Encuentra la camiseta ideal para tus juegos. Incre\u00edble Golden State Warriors Hardwood Classic Pride Jersey Black. \u00a1No te la pierdas!","schema":{"@context":"https:\/\/schema.org","@graph":[{"@type":"WebPage","@id":"https:\/\/www.hostnba.com\/?product=increible-golden-state-warriors-hardwood-classic-pride-jersey-black","url":"https:\/\/www.hostnba.com\/?product=increible-golden-state-warriors-hardwood-classic-pride-jersey-black","name":"\u00danico Fant\u00e1stico Golden State Warriors Hardwood Classic Pride Jersey Black para los amantes del deporte","isPartOf":{"@id":"https:\/\/www.hostnba.com\/#website"},"primaryImageOfPage":{"@id":"https:\/\/www.hostnba.com\/?product=increible-golden-state-warriors-hardwood-classic-pride-jersey-black#primaryimage"},"image":{"@id":"https:\/\/www.hostnba.com\/?product=increible-golden-state-warriors-hardwood-classic-pride-jersey-black#primaryimage"},"thumbnailUrl":"https:\/\/www.hostnba.com\/wp-content\/uploads\/2025\/06\/Increible-Golden-State-Warriors-Hardwood-Classic-Pride-Jersey-Black.jpeg","datePublished":"2025-06-16T06:45:00+00:00","dateModified":"2025-06-16T06:49:23+00:00","description":"Encuentra la camiseta ideal para tus juegos. Incre\u00edble Golden State Warriors Hardwood Classic Pride Jersey Black. \u00a1No te la pierdas!","breadcrumb":{"@id":"https:\/\/www.hostnba.com\/?product=increible-golden-state-warriors-hardwood-classic-pride-jersey-black#breadcrumb"},"inLanguage":"es","potentialAction":[{"@type":"ReadAction","target":["https:\/\/www.hostnba.com\/?product=increible-golden-state-warriors-hardwood-classic-pride-jersey-black"]}]},{"@type":"ImageObject","inLanguage":"es","@id":"https:\/\/www.hostnba.com\/?product=increible-golden-state-warriors-hardwood-classic-pride-jersey-black#primaryimage","url":"https:\/\/www.hostnba.com\/wp-content\/uploads\/2025\/06\/Increible-Golden-State-Warriors-Hardwood-Classic-Pride-Jersey-Black.jpeg","contentUrl":"https:\/\/www.hostnba.com\/wp-content\/uploads\/2025\/06\/Increible-Golden-State-Warriors-Hardwood-Classic-Pride-Jersey-Black.jpeg","width":600,"height":600,"caption":"Incre\u00edble Golden State Warriors Hardwood Classic Pride Jersey Black"},{"@type":"BreadcrumbList","@id":"https:\/\/www.hostnba.com\/?product=increible-golden-state-warriors-hardwood-classic-pride-jersey-black#breadcrumb","itemListElement":[{"@type":"ListItem","position":1,"name":"home","item":"https:\/\/www.hostnba.com\/"},{"@type":"ListItem","position":2,"name":"Shop","item":"https:\/\/www.hostnba.com\/?page_id=10"},{"@type":"ListItem","position":3,"name":"Incre\u00edble Golden State Warriors Hardwood Classic Pride Jersey Black"}]},{"@type":"WebSite","@id":"https:\/\/www.hostnba.com\/#website","url":"https:\/\/www.hostnba.com\/","name":"Cheap jersey - Online Shop","description":"camiseta barata de la NBA","potentialAction":[{"@type":"SearchAction","target":{"@type":"EntryPoint","urlTemplate":"https:\/\/www.hostnba.com\/?s={search_term_string}"},"query-input":{"@type":"PropertyValueSpecification","valueRequired":true,"valueName":"search_term_string"}}],"inLanguage":"es"}]}},"_links":{"self":[{"href":"https:\/\/www.hostnba.com\/index.php?rest_route=\/wp\/v2\/product\/1783","targetHints":{"allow":["GET"]}}],"collection":[{"href":"https:\/\/www.hostnba.com\/index.php?rest_route=\/wp\/v2\/product"}],"about":[{"href":"https:\/\/www.hostnba.com\/index.php?rest_route=\/wp\/v2\/types\/product"}],"replies":[{"embeddable":true,"href":"https:\/\/www.hostnba.com\/index.php?rest_route=%2Fwp%2Fv2%2Fcomments&post=1783"}],"wp:featuredmedia":[{"embeddable":true,"href":"https:\/\/www.hostnba.com\/index.php?rest_route=\/wp\/v2\/media\/1790"}],"wp:attachment":[{"href":"https:\/\/www.hostnba.com\/index.php?rest_route=%2Fwp%2Fv2%2Fmedia&parent=1783"}],"wp:term":[{"taxonomy":"product_brand","embeddable":true,"href":"https:\/\/www.hostnba.com\/index.php?rest_route=%2Fwp%2Fv2%2Fproduct_brand&post=1783"},{"taxonomy":"product_cat","embeddable":true,"href":"https:\/\/www.hostnba.com\/index.php?rest_route=%2Fwp%2Fv2%2Fproduct_cat&post=1783"},{"taxonomy":"product_tag","embeddable":true,"href":"https:\/\/www.hostnba.com\/index.php?rest_route=%2Fwp%2Fv2%2Fproduct_tag&post=1783"}],"curies":[{"name":"wp","href":"https:\/\/api.w.org\/{rel}","templated":true}]}}